{"id":6720,"date":"2026-04-28T12:16:41","date_gmt":"2026-04-28T17:16:41","guid":{"rendered":"https:\/\/vepabogota.com\/?page_id=6720"},"modified":"2026-04-28T12:21:37","modified_gmt":"2026-04-28T17:21:37","slug":"cursos-de-actualizacion","status":"publish","type":"page","link":"https:\/\/vepabogota.com\/index.php\/cursos-de-actualizacion\/","title":{"rendered":"Cursos de actualizaci\u00f3n"},"content":{"rendered":"\t\t<div data-elementor-type=\"wp-page\" data-elementor-id=\"6720\" class=\"elementor elementor-6720\" data-elementor-post-type=\"page\">\n\t\t\t\t<div class=\"elementor-element elementor-element-f6abefe e-flex e-con-boxed e-con e-parent\" data-id=\"f6abefe\" data-element_type=\"container\" data-e-type=\"container\">\n\t\t\t\t\t<div class=\"e-con-inner\">\n\t\t\t\t<div class=\"elementor-element elementor-element-e4d853e elementor-widget elementor-widget-heading\" data-id=\"e4d853e\" data-element_type=\"widget\" data-e-type=\"widget\" data-widget_type=\"heading.default\">\n\t\t\t\t\t<h2 class=\"elementor-heading-title elementor-size-default\">Cursos de actualizaci\u00f3n<\/h2>\t\t\t\t<\/div>\n\t\t\t\t\t<\/div>\n\t\t\t\t<\/div>\n\t\t<div class=\"elementor-element elementor-element-88b71a6 e-flex e-con-boxed e-con e-parent\" data-id=\"88b71a6\" data-element_type=\"container\" data-e-type=\"container\">\n\t\t\t\t\t<div class=\"e-con-inner\">\n\t\t<div class=\"elementor-element elementor-element-e894d3f e-con-full e-flex e-con e-child\" data-id=\"e894d3f\" data-element_type=\"container\" data-e-type=\"container\">\n\t\t\t\t<div class=\"elementor-element elementor-element-0f111fa elementor-widget elementor-widget-text-editor\" data-id=\"0f111fa\" data-element_type=\"widget\" data-e-type=\"widget\" data-widget_type=\"text-editor.default\">\n\t\t\t\t\t\t\t\t\t<p style=\"text-align: justify;\">Actualiza tus conocimientos a tu ritmo. VEPA Bogot\u00e1 y Cundinamarca te ofrece una variedad de espacios de actualizaci\u00f3n, tanto presenciales como virtuales, pensados para adaptarse a tu agenda y necesidades. Fortalece tus habilidades en \u00e1reas como diagn\u00f3stico por im\u00e1genes, cirug\u00eda, medicina interna y muchas m\u00e1s. Convierte cada encuentro en una oportunidad para crecer profesionalmente.<\/p>\t\t\t\t\t\t\t\t<\/div>\n\t\t\t\t<\/div>\n\t\t<div class=\"elementor-element elementor-element-4b68542 e-con-full e-flex e-con e-child\" data-id=\"4b68542\" data-element_type=\"container\" data-e-type=\"container\">\n\t\t\t\t<div class=\"elementor-element elementor-element-28c8a59 elementor-widget elementor-widget-image\" data-id=\"28c8a59\" data-element_type=\"widget\" data-e-type=\"widget\" data-widget_type=\"image.default\">\n\t\t\t\t\t\t\t\t\t\t\t\t\t\t\t<img decoding=\"async\" src=\"https:\/\/vepabogota.com\/wp-content\/plugins\/elementor\/assets\/images\/placeholder.png\" title=\"\" alt=\"\" loading=\"lazy\" \/>\t\t\t\t\t\t\t\t\t\t\t\t\t\t\t<\/div>\n\t\t\t\t<\/div>\n\t\t\t\t\t<\/div>\n\t\t\t\t<\/div>\n\t\t\t\t<\/div>\n\t\t","protected":false},"excerpt":{"rendered":"<div class=\"tmnf_excerpt\"><p>Cursos de actualizaci\u00f3n Actualiza tus conocimientos a tu ritmo. VEPA Bogot\u00e1 y Cundinamarca te ofrece una variedad de espacios de actualizaci\u00f3n, tanto presenciales como virtuales, pensados para adaptarse a tu &hellip;<\/p>\n<\/div>","protected":false},"author":2,"featured_media":0,"parent":0,"menu_order":0,"comment_status":"closed","ping_status":"closed","template":"elementor_header_footer","meta":{"give_campaign_id":0,"_themeisle_gutenberg_block_has_review":false,"footnotes":""},"class_list":["post-6720","page","type-page","status-publish","hentry"],"campaignId":"","_links":{"self":[{"href":"https:\/\/vepabogota.com\/index.php\/wp-json\/wp\/v2\/pages\/6720","targetHints":{"allow":["GET"]}}],"collection":[{"href":"https:\/\/vepabogota.com\/index.php\/wp-json\/wp\/v2\/pages"}],"about":[{"href":"https:\/\/vepabogota.com\/index.php\/wp-json\/wp\/v2\/types\/page"}],"author":[{"embeddable":true,"href":"https:\/\/vepabogota.com\/index.php\/wp-json\/wp\/v2\/users\/2"}],"replies":[{"embeddable":true,"href":"https:\/\/vepabogota.com\/index.php\/wp-json\/wp\/v2\/comments?post=6720"}],"version-history":[{"count":7,"href":"https:\/\/vepabogota.com\/index.php\/wp-json\/wp\/v2\/pages\/6720\/revisions"}],"predecessor-version":[{"id":6727,"href":"https:\/\/vepabogota.com\/index.php\/wp-json\/wp\/v2\/pages\/6720\/revisions\/6727"}],"wp:attachment":[{"href":"https:\/\/vepabogota.com\/index.php\/wp-json\/wp\/v2\/media?parent=6720"}],"curies":[{"name":"wp","href":"https:\/\/api.w.org\/{rel}","templated":true}]}}