{"id":6728,"date":"2026-04-28T12:29:36","date_gmt":"2026-04-28T17:29:36","guid":{"rendered":"https:\/\/vepabogota.com\/?page_id=6728"},"modified":"2026-04-29T14:10:27","modified_gmt":"2026-04-29T19:10:27","slug":"oportunidades-de-estudio","status":"publish","type":"page","link":"https:\/\/vepabogota.com\/index.php\/oportunidades-de-estudio\/","title":{"rendered":"Oportunidades de estudio"},"content":{"rendered":"\t\t<div data-elementor-type=\"wp-page\" data-elementor-id=\"6728\" class=\"elementor elementor-6728\" data-elementor-post-type=\"page\">\n\t\t\t\t<div class=\"elementor-element elementor-element-9c21ee9 e-flex e-con-boxed e-con e-parent\" data-id=\"9c21ee9\" data-element_type=\"container\" data-e-type=\"container\">\n\t\t\t\t\t<div class=\"e-con-inner\">\n\t\t<div class=\"elementor-element elementor-element-cdb9fe7 e-con-full e-flex e-con e-child\" data-id=\"cdb9fe7\" data-element_type=\"container\" data-e-type=\"container\">\n\t\t\t\t<div class=\"elementor-element elementor-element-ce376ef elementor-widget elementor-widget-image\" data-id=\"ce376ef\" data-element_type=\"widget\" data-e-type=\"widget\" data-widget_type=\"image.default\">\n\t\t\t\t\t\t\t\t\t\t\t\t\t\t\t<img fetchpriority=\"high\" decoding=\"async\" width=\"699\" height=\"518\" src=\"https:\/\/vepabogota.com\/wp-content\/uploads\/2026\/04\/Oportunidades-de-estudio.png\" class=\"attachment-large size-large wp-image-6884\" alt=\"\" srcset=\"https:\/\/vepabogota.com\/wp-content\/uploads\/2026\/04\/Oportunidades-de-estudio.png 1024w, https:\/\/vepabogota.com\/wp-content\/uploads\/2026\/04\/Oportunidades-de-estudio-300x222.png 300w, https:\/\/vepabogota.com\/wp-content\/uploads\/2026\/04\/Oportunidades-de-estudio-768x569.png 768w, https:\/\/vepabogota.com\/wp-content\/uploads\/2026\/04\/Oportunidades-de-estudio-600x445.png 600w\" sizes=\"(max-width: 699px) 100vw, 699px\" \/>\t\t\t\t\t\t\t\t\t\t\t\t\t\t\t<\/div>\n\t\t\t\t<\/div>\n\t\t<div class=\"elementor-element elementor-element-11e011b e-con-full e-flex e-con e-child\" data-id=\"11e011b\" data-element_type=\"container\" data-e-type=\"container\">\n\t\t\t\t<div class=\"elementor-element elementor-element-e13f8e4 elementor-widget elementor-widget-heading\" data-id=\"e13f8e4\" data-element_type=\"widget\" data-e-type=\"widget\" data-widget_type=\"heading.default\">\n\t\t\t\t\t<h2 class=\"elementor-heading-title elementor-size-default\">Oportunidades de estudio <\/h2>\t\t\t\t<\/div>\n\t\t\t\t<div class=\"elementor-element elementor-element-3dee789 elementor-widget elementor-widget-text-editor\" data-id=\"3dee789\" data-element_type=\"widget\" data-e-type=\"widget\" data-widget_type=\"text-editor.default\">\n\t\t\t\t\t\t\t\t\t<p style=\"text-align: justify;\">Impulsa tu carrera veterinaria con VEPA Bogot\u00e1 y Cundinamarca. Encontrar\u00e1s oportunidades de formaci\u00f3n pensadas para fortalecer tu crecimiento profesional y acompa\u00f1arte en cada etapa de tu desarrollo. Desde espacios acad\u00e9micos especializados hasta procesos de actualizaci\u00f3n continua, contamos con opciones flexibles para que avances a tu ritmo y profundices en el \u00e1rea que m\u00e1s te apasiona. Invierte en tu futuro y en el bienestar de tus pacientes.<\/p>\t\t\t\t\t\t\t\t<\/div>\n\t\t\t\t<\/div>\n\t\t\t\t\t<\/div>\n\t\t\t\t<\/div>\n\t\t\t\t<\/div>\n\t\t","protected":false},"excerpt":{"rendered":"<div class=\"tmnf_excerpt\"><p>Oportunidades de estudio Impulsa tu carrera veterinaria con VEPA Bogot\u00e1 y Cundinamarca. Encontrar\u00e1s oportunidades de formaci\u00f3n pensadas para fortalecer tu crecimiento profesional y acompa\u00f1arte en cada etapa de tu desarrollo. &hellip;<\/p>\n<\/div>","protected":false},"author":2,"featured_media":0,"parent":0,"menu_order":0,"comment_status":"closed","ping_status":"closed","template":"elementor_header_footer","meta":{"give_campaign_id":0,"_themeisle_gutenberg_block_has_review":false,"footnotes":""},"class_list":["post-6728","page","type-page","status-publish","hentry"],"campaignId":"","_links":{"self":[{"href":"https:\/\/vepabogota.com\/index.php\/wp-json\/wp\/v2\/pages\/6728","targetHints":{"allow":["GET"]}}],"collection":[{"href":"https:\/\/vepabogota.com\/index.php\/wp-json\/wp\/v2\/pages"}],"about":[{"href":"https:\/\/vepabogota.com\/index.php\/wp-json\/wp\/v2\/types\/page"}],"author":[{"embeddable":true,"href":"https:\/\/vepabogota.com\/index.php\/wp-json\/wp\/v2\/users\/2"}],"replies":[{"embeddable":true,"href":"https:\/\/vepabogota.com\/index.php\/wp-json\/wp\/v2\/comments?post=6728"}],"version-history":[{"count":10,"href":"https:\/\/vepabogota.com\/index.php\/wp-json\/wp\/v2\/pages\/6728\/revisions"}],"predecessor-version":[{"id":6887,"href":"https:\/\/vepabogota.com\/index.php\/wp-json\/wp\/v2\/pages\/6728\/revisions\/6887"}],"wp:attachment":[{"href":"https:\/\/vepabogota.com\/index.php\/wp-json\/wp\/v2\/media?parent=6728"}],"curies":[{"name":"wp","href":"https:\/\/api.w.org\/{rel}","templated":true}]}}