{"id":6734,"date":"2026-04-28T12:46:38","date_gmt":"2026-04-28T17:46:38","guid":{"rendered":"https:\/\/vepabogota.com\/?page_id=6734"},"modified":"2026-04-29T14:28:36","modified_gmt":"2026-04-29T19:28:36","slug":"descuentos-en-productos-y-servicios","status":"publish","type":"page","link":"https:\/\/vepabogota.com\/index.php\/descuentos-en-productos-y-servicios\/","title":{"rendered":"Descuentos en productos y servicios"},"content":{"rendered":"\t\t<div data-elementor-type=\"wp-page\" data-elementor-id=\"6734\" class=\"elementor elementor-6734\" data-elementor-post-type=\"page\">\n\t\t\t\t<div class=\"elementor-element elementor-element-98814dc e-flex e-con-boxed e-con e-parent\" data-id=\"98814dc\" data-element_type=\"container\" data-e-type=\"container\">\n\t\t\t\t\t<div class=\"e-con-inner\">\n\t\t<div class=\"elementor-element elementor-element-6723f9d e-con-full e-flex e-con e-child\" data-id=\"6723f9d\" data-element_type=\"container\" data-e-type=\"container\">\n\t\t\t\t<div class=\"elementor-element elementor-element-254578a elementor-widget elementor-widget-image\" data-id=\"254578a\" data-element_type=\"widget\" data-e-type=\"widget\" data-widget_type=\"image.default\">\n\t\t\t\t\t\t\t\t\t\t\t\t\t\t\t<img fetchpriority=\"high\" decoding=\"async\" width=\"699\" height=\"518\" src=\"https:\/\/vepabogota.com\/wp-content\/uploads\/2026\/04\/Descuentos-en-productos-y-servicios-1024x759-1.png\" class=\"attachment-large size-large wp-image-6888\" alt=\"\" srcset=\"https:\/\/vepabogota.com\/wp-content\/uploads\/2026\/04\/Descuentos-en-productos-y-servicios-1024x759-1.png 1024w, https:\/\/vepabogota.com\/wp-content\/uploads\/2026\/04\/Descuentos-en-productos-y-servicios-1024x759-1-300x222.png 300w, https:\/\/vepabogota.com\/wp-content\/uploads\/2026\/04\/Descuentos-en-productos-y-servicios-1024x759-1-768x569.png 768w, https:\/\/vepabogota.com\/wp-content\/uploads\/2026\/04\/Descuentos-en-productos-y-servicios-1024x759-1-600x445.png 600w\" sizes=\"(max-width: 699px) 100vw, 699px\" \/>\t\t\t\t\t\t\t\t\t\t\t\t\t\t\t<\/div>\n\t\t\t\t<\/div>\n\t\t<div class=\"elementor-element elementor-element-8723be7 e-con-full e-flex e-con e-child\" data-id=\"8723be7\" data-element_type=\"container\" data-e-type=\"container\">\n\t\t\t\t<div class=\"elementor-element elementor-element-a95da3f elementor-widget elementor-widget-heading\" data-id=\"a95da3f\" data-element_type=\"widget\" data-e-type=\"widget\" data-widget_type=\"heading.default\">\n\t\t\t\t\t<h2 class=\"elementor-heading-title elementor-size-default\">Descuentos en productos y servicios<\/h2>\t\t\t\t<\/div>\n\t\t\t\t<div class=\"elementor-element elementor-element-323c63e elementor-widget elementor-widget-text-editor\" data-id=\"323c63e\" data-element_type=\"widget\" data-e-type=\"widget\" data-widget_type=\"text-editor.default\">\n\t\t\t\t\t\t\t\t\t<p style=\"text-align: justify;\">Optimiza tus recursos en tu pr\u00e1ctica diaria. Como miembro de VEPA Bogot\u00e1 y Cundinamarca, podr\u00e1s acceder a beneficios y convenios con aliados del sector veterinario. Aprovecha condiciones preferenciales en productos y servicios, fortalece tu ejercicio profesional y brinda a tus pacientes soluciones de calidad<\/p>\t\t\t\t\t\t\t\t<\/div>\n\t\t\t\t<\/div>\n\t\t\t\t\t<\/div>\n\t\t\t\t<\/div>\n\t\t\t\t<\/div>\n\t\t","protected":false},"excerpt":{"rendered":"<div class=\"tmnf_excerpt\"><p>Descuentos en productos y servicios Optimiza tus recursos en tu pr\u00e1ctica diaria. Como miembro de VEPA Bogot\u00e1 y Cundinamarca, podr\u00e1s acceder a beneficios y convenios con aliados del sector veterinario. &hellip;<\/p>\n<\/div>","protected":false},"author":2,"featured_media":0,"parent":0,"menu_order":0,"comment_status":"closed","ping_status":"closed","template":"elementor_header_footer","meta":{"give_campaign_id":0,"_themeisle_gutenberg_block_has_review":false,"footnotes":""},"class_list":["post-6734","page","type-page","status-publish","hentry"],"campaignId":"","_links":{"self":[{"href":"https:\/\/vepabogota.com\/index.php\/wp-json\/wp\/v2\/pages\/6734","targetHints":{"allow":["GET"]}}],"collection":[{"href":"https:\/\/vepabogota.com\/index.php\/wp-json\/wp\/v2\/pages"}],"about":[{"href":"https:\/\/vepabogota.com\/index.php\/wp-json\/wp\/v2\/types\/page"}],"author":[{"embeddable":true,"href":"https:\/\/vepabogota.com\/index.php\/wp-json\/wp\/v2\/users\/2"}],"replies":[{"embeddable":true,"href":"https:\/\/vepabogota.com\/index.php\/wp-json\/wp\/v2\/comments?post=6734"}],"version-history":[{"count":10,"href":"https:\/\/vepabogota.com\/index.php\/wp-json\/wp\/v2\/pages\/6734\/revisions"}],"predecessor-version":[{"id":6892,"href":"https:\/\/vepabogota.com\/index.php\/wp-json\/wp\/v2\/pages\/6734\/revisions\/6892"}],"wp:attachment":[{"href":"https:\/\/vepabogota.com\/index.php\/wp-json\/wp\/v2\/media?parent=6734"}],"curies":[{"name":"wp","href":"https:\/\/api.w.org\/{rel}","templated":true}]}}