{"id":6740,"date":"2026-04-28T14:27:14","date_gmt":"2026-04-28T19:27:14","guid":{"rendered":"https:\/\/vepabogota.com\/?page_id=6740"},"modified":"2026-04-29T14:42:54","modified_gmt":"2026-04-29T19:42:54","slug":"proteccion-y-asesoria-en-ciber-acoso","status":"publish","type":"page","link":"https:\/\/vepabogota.com\/index.php\/proteccion-y-asesoria-en-ciber-acoso\/","title":{"rendered":"Protecci\u00f3n y asesor\u00eda en ciber acoso:"},"content":{"rendered":"\t\t<div data-elementor-type=\"wp-page\" data-elementor-id=\"6740\" class=\"elementor elementor-6740\" data-elementor-post-type=\"page\">\n\t\t\t\t<div class=\"elementor-element elementor-element-82eaf93 e-flex e-con-boxed e-con e-parent\" data-id=\"82eaf93\" data-element_type=\"container\" data-e-type=\"container\">\n\t\t\t\t\t<div class=\"e-con-inner\">\n\t\t<div class=\"elementor-element elementor-element-3ec452e e-con-full e-flex e-con e-child\" data-id=\"3ec452e\" data-element_type=\"container\" data-e-type=\"container\">\n\t\t\t\t<div class=\"elementor-element elementor-element-d1baaab elementor-widget elementor-widget-image\" data-id=\"d1baaab\" data-element_type=\"widget\" data-e-type=\"widget\" data-widget_type=\"image.default\">\n\t\t\t\t\t\t\t\t\t\t\t\t\t\t\t<img fetchpriority=\"high\" decoding=\"async\" width=\"699\" height=\"518\" src=\"https:\/\/vepabogota.com\/wp-content\/uploads\/2026\/04\/Asesoria-legal-1024x759-1.png\" class=\"attachment-large size-large wp-image-6893\" alt=\"\" srcset=\"https:\/\/vepabogota.com\/wp-content\/uploads\/2026\/04\/Asesoria-legal-1024x759-1.png 1024w, https:\/\/vepabogota.com\/wp-content\/uploads\/2026\/04\/Asesoria-legal-1024x759-1-300x222.png 300w, https:\/\/vepabogota.com\/wp-content\/uploads\/2026\/04\/Asesoria-legal-1024x759-1-768x569.png 768w, https:\/\/vepabogota.com\/wp-content\/uploads\/2026\/04\/Asesoria-legal-1024x759-1-600x445.png 600w\" sizes=\"(max-width: 699px) 100vw, 699px\" \/>\t\t\t\t\t\t\t\t\t\t\t\t\t\t\t<\/div>\n\t\t\t\t<\/div>\n\t\t<div class=\"elementor-element elementor-element-ef5ce2a e-con-full e-flex e-con e-child\" data-id=\"ef5ce2a\" data-element_type=\"container\" data-e-type=\"container\">\n\t\t\t\t<div class=\"elementor-element elementor-element-b5d5717 elementor-widget elementor-widget-heading\" data-id=\"b5d5717\" data-element_type=\"widget\" data-e-type=\"widget\" data-widget_type=\"heading.default\">\n\t\t\t\t\t<h2 class=\"elementor-heading-title elementor-size-default\">Protecci\u00f3n y asesor\u00eda en ciber acoso<\/h2>\t\t\t\t<\/div>\n\t\t\t\t<div class=\"elementor-element elementor-element-f7b894a elementor-widget elementor-widget-text-editor\" data-id=\"f7b894a\" data-element_type=\"widget\" data-e-type=\"widget\" data-widget_type=\"text-editor.default\">\n\t\t\t\t\t\t\t\t\t<p style=\"text-align: justify;\">En VEPA Bogot\u00e1 y Cundinamarca, la seguridad y el bienestar de nuestros miembros son una prioridad. Reconocemos los retos que pueden surgir en el entorno profesional y personal, por eso promovemos espacios de apoyo y orientaci\u00f3n que contribuyan a afrontar estas situaciones de manera adecuada. Contar\u00e1s con acompa\u00f1amiento, herramientas y una comunidad que respalda tu ejercicio profesional y tu bienestar. No est\u00e1s solo, VEPA est\u00e1 contigo en cada paso del camino.<\/p>\t\t\t\t\t\t\t\t<\/div>\n\t\t\t\t<\/div>\n\t\t\t\t\t<\/div>\n\t\t\t\t<\/div>\n\t\t\t\t<\/div>\n\t\t","protected":false},"excerpt":{"rendered":"<div class=\"tmnf_excerpt\"><p>Protecci\u00f3n y asesor\u00eda en ciber acoso En VEPA Bogot\u00e1 y Cundinamarca, la seguridad y el bienestar de nuestros miembros son una prioridad. Reconocemos los retos que pueden surgir en el &hellip;<\/p>\n<\/div>","protected":false},"author":2,"featured_media":0,"parent":0,"menu_order":0,"comment_status":"closed","ping_status":"closed","template":"elementor_header_footer","meta":{"give_campaign_id":0,"_themeisle_gutenberg_block_has_review":false,"footnotes":""},"class_list":["post-6740","page","type-page","status-publish","hentry"],"campaignId":"","_links":{"self":[{"href":"https:\/\/vepabogota.com\/index.php\/wp-json\/wp\/v2\/pages\/6740","targetHints":{"allow":["GET"]}}],"collection":[{"href":"https:\/\/vepabogota.com\/index.php\/wp-json\/wp\/v2\/pages"}],"about":[{"href":"https:\/\/vepabogota.com\/index.php\/wp-json\/wp\/v2\/types\/page"}],"author":[{"embeddable":true,"href":"https:\/\/vepabogota.com\/index.php\/wp-json\/wp\/v2\/users\/2"}],"replies":[{"embeddable":true,"href":"https:\/\/vepabogota.com\/index.php\/wp-json\/wp\/v2\/comments?post=6740"}],"version-history":[{"count":13,"href":"https:\/\/vepabogota.com\/index.php\/wp-json\/wp\/v2\/pages\/6740\/revisions"}],"predecessor-version":[{"id":6897,"href":"https:\/\/vepabogota.com\/index.php\/wp-json\/wp\/v2\/pages\/6740\/revisions\/6897"}],"wp:attachment":[{"href":"https:\/\/vepabogota.com\/index.php\/wp-json\/wp\/v2\/media?parent=6740"}],"curies":[{"name":"wp","href":"https:\/\/api.w.org\/{rel}","templated":true}]}}