{"id":6748,"date":"2026-04-28T14:40:54","date_gmt":"2026-04-28T19:40:54","guid":{"rendered":"https:\/\/vepabogota.com\/?page_id=6748"},"modified":"2026-04-28T14:46:04","modified_gmt":"2026-04-28T19:46:04","slug":"asesoria-legal","status":"publish","type":"page","link":"https:\/\/vepabogota.com\/index.php\/asesoria-legal\/","title":{"rendered":"Asesor\u00eda legal"},"content":{"rendered":"\t\t<div data-elementor-type=\"wp-page\" data-elementor-id=\"6748\" class=\"elementor elementor-6748\" data-elementor-post-type=\"page\">\n\t\t\t\t<div class=\"elementor-element elementor-element-f4ac933 e-flex e-con-boxed e-con e-parent\" data-id=\"f4ac933\" data-element_type=\"container\" data-e-type=\"container\">\n\t\t\t\t\t<div class=\"e-con-inner\">\n\t\t\t\t<div class=\"elementor-element elementor-element-e608cb6 elementor-widget elementor-widget-heading\" data-id=\"e608cb6\" data-element_type=\"widget\" data-e-type=\"widget\" data-widget_type=\"heading.default\">\n\t\t\t\t\t<h2 class=\"elementor-heading-title elementor-size-default\">Asesor\u00eda legal<\/h2>\t\t\t\t<\/div>\n\t\t\t\t\t<\/div>\n\t\t\t\t<\/div>\n\t\t<div class=\"elementor-element elementor-element-512d6cf e-flex e-con-boxed e-con e-parent\" data-id=\"512d6cf\" data-element_type=\"container\" data-e-type=\"container\">\n\t\t\t\t\t<div class=\"e-con-inner\">\n\t\t<div class=\"elementor-element elementor-element-3772c2b e-con-full e-flex e-con e-child\" data-id=\"3772c2b\" data-element_type=\"container\" data-e-type=\"container\">\n\t\t\t\t<div class=\"elementor-element elementor-element-cf004fb elementor-widget elementor-widget-text-editor\" data-id=\"cf004fb\" data-element_type=\"widget\" data-e-type=\"widget\" data-widget_type=\"text-editor.default\">\n\t\t\t\t\t\t\t\t\t<p style=\"text-align: justify;\">Estamos contigo. Nuestro servicio de asesor\u00eda legal tiene como prop\u00f3sito brindarte informaci\u00f3n y orientaci\u00f3n en temas relacionados con la pr\u00e1ctica veterinaria. En VEPA Bogot\u00e1 y Cundinamarca te acompa\u00f1amos para que comprendas mejor tus derechos y obligaciones, fortaleciendo tu ejercicio profesional con mayor seguridad y respaldo.<\/p>\t\t\t\t\t\t\t\t<\/div>\n\t\t\t\t<\/div>\n\t\t<div class=\"elementor-element elementor-element-9eb2667 e-con-full e-flex e-con e-child\" data-id=\"9eb2667\" data-element_type=\"container\" data-e-type=\"container\">\n\t\t\t\t<div class=\"elementor-element elementor-element-90568f7 elementor-widget elementor-widget-image\" data-id=\"90568f7\" data-element_type=\"widget\" data-e-type=\"widget\" data-widget_type=\"image.default\">\n\t\t\t\t\t\t\t\t\t\t\t\t\t\t\t<img decoding=\"async\" src=\"https:\/\/vepabogota.com\/wp-content\/plugins\/elementor\/assets\/images\/placeholder.png\" title=\"\" alt=\"\" loading=\"lazy\" \/>\t\t\t\t\t\t\t\t\t\t\t\t\t\t\t<\/div>\n\t\t\t\t<\/div>\n\t\t\t\t\t<\/div>\n\t\t\t\t<\/div>\n\t\t\t\t<\/div>\n\t\t","protected":false},"excerpt":{"rendered":"<div class=\"tmnf_excerpt\"><p>Asesor\u00eda legal Estamos contigo. Nuestro servicio de asesor\u00eda legal tiene como prop\u00f3sito brindarte informaci\u00f3n y orientaci\u00f3n en temas relacionados con la pr\u00e1ctica veterinaria. En VEPA Bogot\u00e1 y Cundinamarca te acompa\u00f1amos &hellip;<\/p>\n<\/div>","protected":false},"author":2,"featured_media":0,"parent":0,"menu_order":0,"comment_status":"closed","ping_status":"closed","template":"elementor_header_footer","meta":{"give_campaign_id":0,"_themeisle_gutenberg_block_has_review":false,"footnotes":""},"class_list":["post-6748","page","type-page","status-publish","hentry"],"campaignId":"","_links":{"self":[{"href":"https:\/\/vepabogota.com\/index.php\/wp-json\/wp\/v2\/pages\/6748","targetHints":{"allow":["GET"]}}],"collection":[{"href":"https:\/\/vepabogota.com\/index.php\/wp-json\/wp\/v2\/pages"}],"about":[{"href":"https:\/\/vepabogota.com\/index.php\/wp-json\/wp\/v2\/types\/page"}],"author":[{"embeddable":true,"href":"https:\/\/vepabogota.com\/index.php\/wp-json\/wp\/v2\/users\/2"}],"replies":[{"embeddable":true,"href":"https:\/\/vepabogota.com\/index.php\/wp-json\/wp\/v2\/comments?post=6748"}],"version-history":[{"count":7,"href":"https:\/\/vepabogota.com\/index.php\/wp-json\/wp\/v2\/pages\/6748\/revisions"}],"predecessor-version":[{"id":6755,"href":"https:\/\/vepabogota.com\/index.php\/wp-json\/wp\/v2\/pages\/6748\/revisions\/6755"}],"wp:attachment":[{"href":"https:\/\/vepabogota.com\/index.php\/wp-json\/wp\/v2\/media?parent=6748"}],"curies":[{"name":"wp","href":"https:\/\/api.w.org\/{rel}","templated":true}]}}