{"id":6775,"date":"2026-04-28T15:16:42","date_gmt":"2026-04-28T20:16:42","guid":{"rendered":"https:\/\/vepabogota.com\/?page_id=6775"},"modified":"2026-04-29T15:48:15","modified_gmt":"2026-04-29T20:48:15","slug":"alianza-estrategica-wsaba-fiavac","status":"publish","type":"page","link":"https:\/\/vepabogota.com\/index.php\/alianza-estrategica-wsaba-fiavac\/","title":{"rendered":"Alianza estrat\u00e9gica WSABA FIAVAC"},"content":{"rendered":"\t\t<div data-elementor-type=\"wp-page\" data-elementor-id=\"6775\" class=\"elementor elementor-6775\" data-elementor-post-type=\"page\">\n\t\t\t\t<div class=\"elementor-element elementor-element-d1b427c e-flex e-con-boxed e-con e-parent\" data-id=\"d1b427c\" data-element_type=\"container\" data-e-type=\"container\">\n\t\t\t\t\t<div class=\"e-con-inner\">\n\t\t<div class=\"elementor-element elementor-element-488e08f e-con-full e-flex e-con e-child\" data-id=\"488e08f\" data-element_type=\"container\" data-e-type=\"container\">\n\t\t\t\t<div class=\"elementor-element elementor-element-5645699 elementor-widget elementor-widget-image\" data-id=\"5645699\" data-element_type=\"widget\" data-e-type=\"widget\" data-widget_type=\"image.default\">\n\t\t\t\t\t\t\t\t\t\t\t\t\t\t\t<img fetchpriority=\"high\" decoding=\"async\" width=\"699\" height=\"311\" src=\"https:\/\/vepabogota.com\/wp-content\/uploads\/2026\/04\/asocian.png\" class=\"attachment-large size-large wp-image-6905\" alt=\"\" srcset=\"https:\/\/vepabogota.com\/wp-content\/uploads\/2026\/04\/asocian.png 900w, https:\/\/vepabogota.com\/wp-content\/uploads\/2026\/04\/asocian-300x133.png 300w, https:\/\/vepabogota.com\/wp-content\/uploads\/2026\/04\/asocian-768x341.png 768w, https:\/\/vepabogota.com\/wp-content\/uploads\/2026\/04\/asocian-600x267.png 600w\" sizes=\"(max-width: 699px) 100vw, 699px\" \/>\t\t\t\t\t\t\t\t\t\t\t\t\t\t\t<\/div>\n\t\t\t\t<\/div>\n\t\t<div class=\"elementor-element elementor-element-aa1a509 e-con-full e-flex e-con e-child\" data-id=\"aa1a509\" data-element_type=\"container\" data-e-type=\"container\">\n\t\t\t\t<div class=\"elementor-element elementor-element-f632abe elementor-widget elementor-widget-heading\" data-id=\"f632abe\" data-element_type=\"widget\" data-e-type=\"widget\" data-widget_type=\"heading.default\">\n\t\t\t\t\t<h2 class=\"elementor-heading-title elementor-size-default\">Alianza estrat\u00e9gica WSABA FIAVAC<\/h2>\t\t\t\t<\/div>\n\t\t\t\t<div class=\"elementor-element elementor-element-7a594bdf elementor-widget elementor-widget-text-editor\" data-id=\"7a594bdf\" data-element_type=\"widget\" data-e-type=\"widget\" data-widget_type=\"text-editor.default\">\n\t\t\t\t\t\t\t\t\t<p style=\"text-align: justify;\">VEPA en alianza con las prestigiosas organizaciones mundiales WSAVA y FIAVAC, eleva el est\u00e1ndar de la medicina veterinaria en Colombia. Gracias a este respaldo acad\u00e9mico, nuestros miembros tienen acceso a conocimientos y recursos de vanguardia a nivel internacional, lo que les permite ofrecer una atenci\u00f3n de mayor calidad a sus pacientes y mantenerse a la vanguardia de las \u00faltimas tendencias en el sector<\/p>\t\t\t\t\t\t\t\t<\/div>\n\t\t\t\t<\/div>\n\t\t\t\t\t<\/div>\n\t\t\t\t<\/div>\n\t\t<div class=\"elementor-element elementor-element-67229989 e-flex e-con-boxed e-con e-parent\" data-id=\"67229989\" data-element_type=\"container\" data-e-type=\"container\">\n\t\t\t\t\t<div class=\"e-con-inner\">\n\t\t\t\t\t<\/div>\n\t\t\t\t<\/div>\n\t\t\t\t<\/div>\n\t\t","protected":false},"excerpt":{"rendered":"<div class=\"tmnf_excerpt\"><p>Alianza estrat\u00e9gica WSABA FIAVAC VEPA en alianza con las prestigiosas organizaciones mundiales WSAVA y FIAVAC, eleva el est\u00e1ndar de la medicina veterinaria en Colombia. Gracias a este respaldo acad\u00e9mico, nuestros &hellip;<\/p>\n<\/div>","protected":false},"author":2,"featured_media":0,"parent":0,"menu_order":0,"comment_status":"closed","ping_status":"closed","template":"elementor_header_footer","meta":{"give_campaign_id":0,"_themeisle_gutenberg_block_has_review":false,"footnotes":""},"class_list":["post-6775","page","type-page","status-publish","hentry"],"campaignId":"","_links":{"self":[{"href":"https:\/\/vepabogota.com\/index.php\/wp-json\/wp\/v2\/pages\/6775","targetHints":{"allow":["GET"]}}],"collection":[{"href":"https:\/\/vepabogota.com\/index.php\/wp-json\/wp\/v2\/pages"}],"about":[{"href":"https:\/\/vepabogota.com\/index.php\/wp-json\/wp\/v2\/types\/page"}],"author":[{"embeddable":true,"href":"https:\/\/vepabogota.com\/index.php\/wp-json\/wp\/v2\/users\/2"}],"replies":[{"embeddable":true,"href":"https:\/\/vepabogota.com\/index.php\/wp-json\/wp\/v2\/comments?post=6775"}],"version-history":[{"count":13,"href":"https:\/\/vepabogota.com\/index.php\/wp-json\/wp\/v2\/pages\/6775\/revisions"}],"predecessor-version":[{"id":6912,"href":"https:\/\/vepabogota.com\/index.php\/wp-json\/wp\/v2\/pages\/6775\/revisions\/6912"}],"wp:attachment":[{"href":"https:\/\/vepabogota.com\/index.php\/wp-json\/wp\/v2\/media?parent=6775"}],"curies":[{"name":"wp","href":"https:\/\/api.w.org\/{rel}","templated":true}]}}