{"id":6793,"date":"2026-04-28T16:08:40","date_gmt":"2026-04-28T21:08:40","guid":{"rendered":"https:\/\/vepabogota.com\/?page_id=6793"},"modified":"2026-04-28T16:31:56","modified_gmt":"2026-04-28T21:31:56","slug":"politica-de-tratamiento-de-datos-personales","status":"publish","type":"page","link":"https:\/\/vepabogota.com\/index.php\/politica-de-tratamiento-de-datos-personales\/","title":{"rendered":"POL\u00cdTICA DE TRATAMIENTO DE DATOS PERSONALES"},"content":{"rendered":"\t\t<div data-elementor-type=\"wp-page\" data-elementor-id=\"6793\" class=\"elementor elementor-6793\" data-elementor-post-type=\"page\">\n\t\t\t\t<div class=\"elementor-element elementor-element-ee6d8db e-flex e-con-boxed e-con e-parent\" data-id=\"ee6d8db\" data-element_type=\"container\" data-e-type=\"container\">\n\t\t\t\t\t<div class=\"e-con-inner\">\n\t\t\t\t<div class=\"elementor-element elementor-element-119a68c elementor-widget elementor-widget-heading\" data-id=\"119a68c\" data-element_type=\"widget\" data-e-type=\"widget\" data-widget_type=\"heading.default\">\n\t\t\t\t\t<h2 class=\"elementor-heading-title elementor-size-default\">POL\u00cdTICA DE TRATAMIENTO DE DATOS PERSONALES<\/h2>\t\t\t\t<\/div>\n\t\t\t\t<div class=\"elementor-element elementor-element-ffbf191 elementor-widget elementor-widget-heading\" data-id=\"ffbf191\" data-element_type=\"widget\" data-e-type=\"widget\" data-widget_type=\"heading.default\">\n\t\t\t\t\t<h4 class=\"elementor-heading-title elementor-size-default\">VEPA Bogot\u00e1 y Cundinamarca<\/h4>\t\t\t\t<\/div>\n\t\t\t\t\t<\/div>\n\t\t\t\t<\/div>\n\t\t<div class=\"elementor-element elementor-element-8aebe41 e-flex e-con-boxed e-con e-parent\" data-id=\"8aebe41\" data-element_type=\"container\" data-e-type=\"container\">\n\t\t\t\t\t<div class=\"e-con-inner\">\n\t\t\t\t<div class=\"elementor-element elementor-element-62dd650 elementor-widget elementor-widget-text-editor\" data-id=\"62dd650\" data-element_type=\"widget\" data-e-type=\"widget\" data-widget_type=\"text-editor.default\">\n\t\t\t\t\t\t\t\t\t<h2 data-section-id=\"195fj4h\" data-start=\"279\" data-end=\"335\"><span role=\"text\"><strong data-start=\"282\" data-end=\"335\">1. IDENTIFICACI\u00d3N DEL RESPONSABLE DEL TRATAMIENTO<\/strong><\/span><\/h2><p data-start=\"337\" data-end=\"791\">La Asociaci\u00f3n <strong data-start=\"351\" data-end=\"381\">Vepa Bogot\u00e1 y Cundinamarca<\/strong>, en adelante \u201cVepa\u201d, identificada como una entidad que agrupa profesionales y estudiantes del sector veterinario, en cumplimiento de lo dispuesto en la Ley 1581 de 2012 y sus decretos reglamentarios, informa a los titulares de datos personales que act\u00faa como responsable del tratamiento de la informaci\u00f3n personal que recolecta, almacena, usa, circula y suprime en el desarrollo de sus actividades misionales.<\/p><p data-start=\"793\" data-end=\"954\">Para efectos de contacto, atenci\u00f3n de consultas, reclamos o solicitudes relacionadas con el tratamiento de datos personales, se dispone la siguiente informaci\u00f3n:<\/p><ul data-start=\"956\" data-end=\"1089\"><li data-section-id=\"8hrrcy\" data-start=\"956\" data-end=\"1007\"><strong data-start=\"958\" data-end=\"972\">Direcci\u00f3n:<\/strong> Ak 15 #84A-24, Chapinero, Bogot\u00e1<\/li><li data-section-id=\"aybhaj\" data-start=\"1008\" data-end=\"1041\"><strong data-start=\"1010\" data-end=\"1023\">Tel\u00e9fono:<\/strong> +57 302 7770291<\/li><li data-section-id=\"dxn66u\" data-start=\"1042\" data-end=\"1089\"><strong data-start=\"1044\" data-end=\"1067\">Correo electr\u00f3nico:<\/strong> <a class=\"decorated-link cursor-pointer\" rel=\"noopener\" data-start=\"1068\" data-end=\"1087\">info@vepabogota.com<\/a><\/li><\/ul><hr data-start=\"1091\" data-end=\"1094\" \/><h2 data-section-id=\"68xszx\" data-start=\"1096\" data-end=\"1131\"><span role=\"text\"><strong data-start=\"1099\" data-end=\"1131\">2. MARCO NORMATIVO APLICABLE<\/strong><\/span><\/h2><p data-start=\"1133\" data-end=\"1250\">La presente Pol\u00edtica de Tratamiento de Datos Personales se adopta en cumplimiento de las disposiciones contenidas en:<\/p><ul data-start=\"1252\" data-end=\"1677\"><li data-section-id=\"e2mzc1\" data-start=\"1252\" data-end=\"1366\">La <strong data-start=\"1257\" data-end=\"1277\">Ley 1581 de 2012<\/strong>, por la cual se dictan disposiciones generales para la protecci\u00f3n de datos personales.<\/li><li data-section-id=\"wl3fxe\" data-start=\"1367\" data-end=\"1448\">El <strong data-start=\"1372\" data-end=\"1396\">Decreto 1377 de 2013<\/strong>, que reglamenta parcialmente la Ley 1581 de 2012.<\/li><li data-section-id=\"dy96rz\" data-start=\"1449\" data-end=\"1544\">El <strong data-start=\"1454\" data-end=\"1484\">Decreto \u00danico 1074 de 2015<\/strong>, en lo relacionado con la protecci\u00f3n de datos personales.<\/li><li data-section-id=\"dmxa0z\" data-start=\"1545\" data-end=\"1677\">Las dem\u00e1s normas, jurisprudencia y lineamientos emitidos por la Superintendencia de Industria y Comercio que regulen la materia.<\/li><\/ul><hr data-start=\"1679\" data-end=\"1682\" \/><h2 data-section-id=\"1llk47g\" data-start=\"1684\" data-end=\"1706\"><span role=\"text\"><strong data-start=\"1687\" data-end=\"1706\">3. DEFINICIONES<\/strong><\/span><\/h2><p data-start=\"1708\" data-end=\"1820\">Para la correcta interpretaci\u00f3n y aplicaci\u00f3n de la presente pol\u00edtica, se establecen las siguientes definiciones:<\/p><ul data-start=\"1822\" data-end=\"2566\"><li data-section-id=\"5lulnl\" data-start=\"1822\" data-end=\"1962\"><strong data-start=\"1824\" data-end=\"1842\">Dato personal:<\/strong> Cualquier informaci\u00f3n vinculada o que pueda asociarse a una o varias personas naturales determinadas o determinables.<\/li><li data-section-id=\"617u77\" data-start=\"1963\" data-end=\"2081\"><strong data-start=\"1965\" data-end=\"1983\">Dato sensible:<\/strong> Aquellos que afectan la intimidad del titular o cuyo uso indebido puede generar discriminaci\u00f3n.<\/li><li data-section-id=\"xno8ee\" data-start=\"2082\" data-end=\"2164\"><strong data-start=\"2084\" data-end=\"2096\">Titular:<\/strong> Persona natural cuyos datos personales son objeto de tratamiento.<\/li><li data-section-id=\"1lsknkw\" data-start=\"2165\" data-end=\"2299\"><strong data-start=\"2167\" data-end=\"2183\">Tratamiento:<\/strong> Cualquier operaci\u00f3n sobre datos personales, tales como recolecci\u00f3n, almacenamiento, uso, circulaci\u00f3n o supresi\u00f3n.<\/li><li data-section-id=\"1flqe0e\" data-start=\"2300\" data-end=\"2435\"><strong data-start=\"2302\" data-end=\"2319\">Autorizaci\u00f3n:<\/strong> Consentimiento previo, expreso e informado del titular para llevar a cabo el tratamiento de sus datos personales.<\/li><li data-section-id=\"898s8y\" data-start=\"2436\" data-end=\"2566\"><strong data-start=\"2438\" data-end=\"2470\">Responsable del tratamiento:<\/strong> Persona natural o jur\u00eddica que decide sobre la base de datos y\/o el tratamiento de los datos.<\/li><\/ul><hr data-start=\"2568\" data-end=\"2571\" \/><h2 data-section-id=\"66tly2\" data-start=\"2573\" data-end=\"2633\"><span role=\"text\"><strong data-start=\"2576\" data-end=\"2633\">4. PRINCIPIOS PARA EL TRATAMIENTO DE DATOS PERSONALES<\/strong><\/span><\/h2><p data-start=\"2635\" data-end=\"2728\">Vepa Bogot\u00e1 y Cundinamarca aplicar\u00e1 de manera integral los principios establecidos en la ley:<\/p><ul data-start=\"2730\" data-end=\"3395\"><li data-section-id=\"zjnp78\" data-start=\"2730\" data-end=\"2804\"><strong data-start=\"2732\" data-end=\"2746\">Legalidad:<\/strong> El tratamiento de datos se realizar\u00e1 conforme a la ley.<\/li><li data-section-id=\"1u8h13k\" data-start=\"2805\" data-end=\"2895\"><strong data-start=\"2807\" data-end=\"2821\">Finalidad:<\/strong> Los datos ser\u00e1n utilizados para fines leg\u00edtimos, informados al titular.<\/li><li data-section-id=\"c4gmlc\" data-start=\"2896\" data-end=\"2980\"><strong data-start=\"2898\" data-end=\"2911\">Libertad:<\/strong> El tratamiento solo se ejercer\u00e1 con el consentimiento del titular.<\/li><li data-section-id=\"1yjpoqy\" data-start=\"2981\" data-end=\"3060\"><strong data-start=\"2983\" data-end=\"3007\">Veracidad o calidad:<\/strong> La informaci\u00f3n ser\u00e1 veraz, completa y actualizada.<\/li><li data-section-id=\"1yl1aje\" data-start=\"3061\" data-end=\"3160\"><strong data-start=\"3063\" data-end=\"3081\">Transparencia:<\/strong> Se garantizar\u00e1 el derecho del titular a obtener informaci\u00f3n sobre sus datos.<\/li><li data-section-id=\"1anu747\" data-start=\"3161\" data-end=\"3254\"><strong data-start=\"3163\" data-end=\"3200\">Acceso y circulaci\u00f3n restringida:<\/strong> Solo personal autorizado podr\u00e1 acceder a los datos.<\/li><li data-section-id=\"a4cttd\" data-start=\"3255\" data-end=\"3324\"><strong data-start=\"3257\" data-end=\"3271\">Seguridad:<\/strong> Se adoptar\u00e1n medidas para proteger la informaci\u00f3n.<\/li><li data-section-id=\"fkvdvv\" data-start=\"3325\" data-end=\"3395\"><strong data-start=\"3327\" data-end=\"3348\">Confidencialidad:<\/strong> Se garantizar\u00e1 la reserva de la informaci\u00f3n.<\/li><\/ul><hr data-start=\"3397\" data-end=\"3400\" \/><h2 data-section-id=\"bqfiir\" data-start=\"3402\" data-end=\"3461\"><span role=\"text\"><strong data-start=\"3405\" data-end=\"3461\">5. FINALIDAD DEL TRATAMIENTO DE LOS DATOS PERSONALES<\/strong><\/span><\/h2><p data-start=\"3463\" data-end=\"3659\">Los datos personales recolectados por Vepa Bogot\u00e1 y Cundinamarca ser\u00e1n utilizados de manera responsable y conforme a la ley, para el desarrollo de sus actividades, incluyendo pero sin limitarse a:<\/p><ul data-start=\"3661\" data-end=\"4391\"><li data-section-id=\"cktnxx\" data-start=\"3661\" data-end=\"3793\">Gestionar procesos de afiliaci\u00f3n de m\u00e9dicos veterinarios, m\u00e9dicos veterinarios zootecnistas, estudiantes y aliados estrat\u00e9gicos.<\/li><li data-section-id=\"wfwcv5\" data-start=\"3794\" data-end=\"3930\">Administrar bases de datos relacionadas con eventos acad\u00e9micos, congresos, capacitaciones, seminarios y actividades institucionales.<\/li><li data-section-id=\"scvxzw\" data-start=\"3931\" data-end=\"4006\">Realizar procesos administrativos, contables, financieros y log\u00edsticos.<\/li><li data-section-id=\"1s13wne\" data-start=\"4007\" data-end=\"4107\">Gestionar inscripciones, pagos, certificaciones y participaci\u00f3n en eventos organizados por Vepa.<\/li><li data-section-id=\"1j38qfa\" data-start=\"4108\" data-end=\"4231\">Enviar comunicaciones institucionales, informativas, promocionales y educativas relacionadas con el sector veterinario.<\/li><li data-section-id=\"1rz9o89\" data-start=\"4232\" data-end=\"4316\">Fortalecer la relaci\u00f3n con afiliados, aliados, proveedores y p\u00fablico en general.<\/li><li data-section-id=\"1519m1n\" data-start=\"4317\" data-end=\"4391\">Dar cumplimiento a obligaciones legales, contractuales y estatutarias.<\/li><\/ul><hr data-start=\"4393\" data-end=\"4396\" \/><h2 data-section-id=\"1te99gz\" data-start=\"4398\" data-end=\"4451\"><span role=\"text\"><strong data-start=\"4401\" data-end=\"4451\">6. DERECHOS DE LOS TITULARES DE LA INFORMACI\u00d3N<\/strong><\/span><\/h2><p data-start=\"4453\" data-end=\"4543\">De acuerdo con la legislaci\u00f3n vigente, los titulares de datos personales tienen derecho a:<\/p><ul data-start=\"4545\" data-end=\"5101\"><li data-section-id=\"1ldgps0\" data-start=\"4545\" data-end=\"4641\">Conocer, actualizar y rectificar sus datos personales frente al responsable del tratamiento.<\/li><li data-section-id=\"1x1dyjq\" data-start=\"4642\" data-end=\"4724\">Solicitar prueba de la autorizaci\u00f3n otorgada para el tratamiento de sus datos.<\/li><li data-section-id=\"t1l7fo\" data-start=\"4725\" data-end=\"4795\">Ser informados sobre el uso que se ha dado a sus datos personales.<\/li><li data-section-id=\"1rh9lg4\" data-start=\"4796\" data-end=\"4892\">Presentar quejas ante la Superintendencia de Industria y Comercio por infracciones a la ley.<\/li><li data-section-id=\"1eoucgm\" data-start=\"4893\" data-end=\"5047\">Revocar la autorizaci\u00f3n y\/o solicitar la supresi\u00f3n de sus datos cuando no se respeten los principios, derechos y garant\u00edas constitucionales y legales.<\/li><li data-section-id=\"ertmdv\" data-start=\"5048\" data-end=\"5101\">Acceder en forma gratuita a sus datos personales.<\/li><\/ul><hr data-start=\"5103\" data-end=\"5106\" \/><h2 data-section-id=\"1j4mmtm\" data-start=\"5108\" data-end=\"5142\"><span role=\"text\"><strong data-start=\"5111\" data-end=\"5142\">7. AUTORIZACI\u00d3N DEL TITULAR<\/strong><\/span><\/h2><p data-start=\"5144\" data-end=\"5463\">Vepa Bogot\u00e1 y Cundinamarca solicitar\u00e1 la autorizaci\u00f3n previa, expresa e informada del titular para el tratamiento de sus datos personales, la cual podr\u00e1 ser obtenida mediante documentos f\u00edsicos, formularios electr\u00f3nicos, sitios web, correos electr\u00f3nicos u otros medios que permitan su conservaci\u00f3n y consulta posterior.<\/p><hr data-start=\"5465\" data-end=\"5468\" \/><h2 data-section-id=\"10up12z\" data-start=\"5470\" data-end=\"5519\"><span role=\"text\"><strong data-start=\"5473\" data-end=\"5519\">8. DEBERES DEL RESPONSABLE DEL TRATAMIENTO<\/strong><\/span><\/h2><p data-start=\"5521\" data-end=\"5595\">Vepa Bogot\u00e1 y Cundinamarca, en su calidad de responsable, se compromete a:<\/p><ul data-start=\"5597\" data-end=\"5946\"><li data-section-id=\"bct4qj\" data-start=\"5597\" data-end=\"5664\">Garantizar el pleno ejercicio de los derechos de los titulares.<\/li><li data-section-id=\"hi0zc1\" data-start=\"5665\" data-end=\"5784\">Conservar la informaci\u00f3n bajo condiciones de seguridad que impidan su adulteraci\u00f3n, p\u00e9rdida o acceso no autorizado.<\/li><li data-section-id=\"1ez9e9q\" data-start=\"5785\" data-end=\"5839\">Informar debidamente la finalidad del tratamiento.<\/li><li data-section-id=\"1sm5wcm\" data-start=\"5840\" data-end=\"5888\">Tramitar oportunamente consultas y reclamos.<\/li><li data-section-id=\"b4uomi\" data-start=\"5889\" data-end=\"5946\">Cumplir con los lineamientos establecidos por la ley.<\/li><\/ul><hr data-start=\"5948\" data-end=\"5951\" \/><h2 data-section-id=\"12zozi5\" data-start=\"5953\" data-end=\"6002\"><span role=\"text\"><strong data-start=\"5956\" data-end=\"6002\">9. PROCEDIMIENTO PARA CONSULTAS Y RECLAMOS<\/strong><\/span><\/h2><p data-start=\"6004\" data-end=\"6076\">Los titulares podr\u00e1n ejercer sus derechos mediante solicitud dirigida a:<\/p><p data-start=\"6078\" data-end=\"6123\"><strong data-start=\"6078\" data-end=\"6101\">Correo electr\u00f3nico:<\/strong> <a class=\"decorated-link cursor-pointer\" rel=\"noopener\" data-start=\"6102\" data-end=\"6121\">info@vepabogota.com<\/a><\/p><h3 data-section-id=\"12o2814\" data-start=\"6125\" data-end=\"6142\"><span role=\"text\"><strong data-start=\"6129\" data-end=\"6142\">Consultas<\/strong><\/span><\/h3><p data-start=\"6143\" data-end=\"6244\">Ser\u00e1n atendidas en un t\u00e9rmino m\u00e1ximo de <strong data-start=\"6183\" data-end=\"6209\">diez (10) d\u00edas h\u00e1biles<\/strong> contados a partir de su recepci\u00f3n.<\/p><h3 data-section-id=\"qanx8u\" data-start=\"6246\" data-end=\"6262\"><span role=\"text\"><strong data-start=\"6250\" data-end=\"6262\">Reclamos<\/strong><\/span><\/h3><p data-start=\"6263\" data-end=\"6351\">Ser\u00e1n atendidos en un t\u00e9rmino m\u00e1ximo de <strong data-start=\"6303\" data-end=\"6331\">quince (15) d\u00edas h\u00e1biles<\/strong>, conforme a la ley.<\/p><hr data-start=\"6353\" data-end=\"6356\" \/><h2 data-section-id=\"1rnx25b\" data-start=\"6358\" data-end=\"6396\"><span role=\"text\"><strong data-start=\"6361\" data-end=\"6396\">10. SEGURIDAD DE LA INFORMACI\u00d3N<\/strong><\/span><\/h2><p data-start=\"6398\" data-end=\"6629\">Vepa Bogot\u00e1 y Cundinamarca adopta medidas t\u00e9cnicas, administrativas y humanas razonables para proteger los datos personales contra acceso no autorizado, p\u00e9rdida, uso indebido o fraude, garantizando su confidencialidad e integridad.<\/p><hr data-start=\"6631\" data-end=\"6634\" \/><h2 data-section-id=\"1fxudum\" data-start=\"6636\" data-end=\"6670\"><span role=\"text\"><strong data-start=\"6639\" data-end=\"6670\">11. VIGENCIA DE LA POL\u00cdTICA<\/strong><\/span><\/h2><p data-start=\"6672\" data-end=\"6874\">La presente Pol\u00edtica de Tratamiento de Datos Personales entra en vigencia a partir de su publicaci\u00f3n y permanecer\u00e1 vigente mientras Vepa Bogot\u00e1 y Cundinamarca realice el tratamiento de datos personales.<\/p><hr data-start=\"6876\" data-end=\"6879\" \/><h2 data-section-id=\"chpv5j\" data-start=\"6881\" data-end=\"6906\"><span role=\"text\"><strong data-start=\"6884\" data-end=\"6906\">12. MODIFICACIONES<\/strong><\/span><\/h2><p data-start=\"6908\" data-end=\"7114\">Vepa Bogot\u00e1 y Cundinamarca se reserva el derecho de modificar esta pol\u00edtica en cualquier momento. Cualquier cambio ser\u00e1 informado oportunamente a trav\u00e9s de los canales oficiales, especialmente el sitio web.<\/p>\t\t\t\t\t\t\t\t<\/div>\n\t\t\t\t\t<\/div>\n\t\t\t\t<\/div>\n\t\t\t\t<\/div>\n\t\t","protected":false},"excerpt":{"rendered":"<div class=\"tmnf_excerpt\"><p>POL\u00cdTICA DE TRATAMIENTO DE DATOS PERSONALES VEPA Bogot\u00e1 y Cundinamarca 1. IDENTIFICACI\u00d3N DEL RESPONSABLE DEL TRATAMIENTO La Asociaci\u00f3n Vepa Bogot\u00e1 y Cundinamarca, en adelante \u201cVepa\u201d, identificada como una entidad que &hellip;<\/p>\n<\/div>","protected":false},"author":2,"featured_media":0,"parent":0,"menu_order":0,"comment_status":"closed","ping_status":"closed","template":"elementor_header_footer","meta":{"give_campaign_id":0,"_themeisle_gutenberg_block_has_review":false,"footnotes":""},"class_list":["post-6793","page","type-page","status-publish","hentry"],"campaignId":"","_links":{"self":[{"href":"https:\/\/vepabogota.com\/index.php\/wp-json\/wp\/v2\/pages\/6793","targetHints":{"allow":["GET"]}}],"collection":[{"href":"https:\/\/vepabogota.com\/index.php\/wp-json\/wp\/v2\/pages"}],"about":[{"href":"https:\/\/vepabogota.com\/index.php\/wp-json\/wp\/v2\/types\/page"}],"author":[{"embeddable":true,"href":"https:\/\/vepabogota.com\/index.php\/wp-json\/wp\/v2\/users\/2"}],"replies":[{"embeddable":true,"href":"https:\/\/vepabogota.com\/index.php\/wp-json\/wp\/v2\/comments?post=6793"}],"version-history":[{"count":10,"href":"https:\/\/vepabogota.com\/index.php\/wp-json\/wp\/v2\/pages\/6793\/revisions"}],"predecessor-version":[{"id":6804,"href":"https:\/\/vepabogota.com\/index.php\/wp-json\/wp\/v2\/pages\/6793\/revisions\/6804"}],"wp:attachment":[{"href":"https:\/\/vepabogota.com\/index.php\/wp-json\/wp\/v2\/media?parent=6793"}],"curies":[{"name":"wp","href":"https:\/\/api.w.org\/{rel}","templated":true}]}}